{"id":965,"date":"2022-11-22T17:37:24","date_gmt":"2022-11-22T16:37:24","guid":{"rendered":"https:\/\/regala.xertarestaurant.com\/producto\/menu-degustacion\/"},"modified":"2026-02-03T14:00:50","modified_gmt":"2026-02-03T13:00:50","slug":"menu-de-producte","status":"publish","type":"product","link":"https:\/\/regala.xertarestaurant.com\/ca\/producto\/menu-de-producte\/","title":{"rendered":"Men\u00fa de producte"},"content":{"rendered":"[vc_row type=&#8221;full_width_background&#8221; full_screen_row_position=&#8221;middle&#8221; column_margin=&#8221;default&#8221; column_direction=&#8221;default&#8221; column_direction_tablet=&#8221;default&#8221; column_direction_phone=&#8221;default&#8221; bg_color=&#8221;#ffffff&#8221; scene_position=&#8221;center&#8221; text_color=&#8221;dark&#8221; text_align=&#8221;left&#8221; row_border_radius=&#8221;none&#8221; row_border_radius_applies=&#8221;bg&#8221; overflow=&#8221;visible&#8221; overlay_strength=&#8221;0.5&#8243; gradient_direction=&#8221;left_to_right&#8221; shape_divider_position=&#8221;bottom&#8221; bg_image_animation=&#8221;none&#8221; gradient_type=&#8221;default&#8221; shape_type=&#8221;&#8221;][vc_column column_padding=&#8221;padding-6-percent&#8221; column_padding_tablet=&#8221;inherit&#8221; column_padding_phone=&#8221;inherit&#8221; column_padding_position=&#8221;all&#8221; column_element_direction_desktop=&#8221;Adefault&#8221; column_element_spacing=&#8221;default&#8221; desktop_text_alignment=&#8221;default&#8221; tablet_text_alignment=&#8221;default&#8221; phone_text_alignment=&#8221;default&#8221; background_color_opacity=&#8221;1&#8243; background_hover_color_opacity=&#8221;1&#8243; column_backdrop_filter=&#8221;none&#8221; column_shadow=&#8221;medium_depth&#8221; column_border_radius=&#8221;none&#8221; column_link_target=&#8221;_self&#8221; column_position=&#8221;default&#8221; gradient_direction=&#8221;left_to_right&#8221; overlay_strength=&#8221;0.3&#8243; width=&#8221;1\/1&#8243; tablet_width_inherit=&#8221;default&#8221; animation_type=&#8221;default&#8221; bg_image_animation=&#8221;none&#8221; border_type=&#8221;simple&#8221; column_border_width=&#8221;none&#8221; column_border_style=&#8221;solid&#8221; column_padding_type=&#8221;default&#8221; gradient_type=&#8221;default&#8221;][vc_column_text css=&#8221;.vc_custom_1761214074431{margin-bottom: 3% !important;}&#8221; text_direction=&#8221;default&#8221;]\n<h4 style=\"text-align: center;\">Condicions xecs regal Xerta Restaurant<\/h4>\n[\/vc_column_text][divider line_type=&#8221;Small Line&#8221; line_alignment=&#8221;center&#8221; line_thickness=&#8221;1&#8243; divider_color=&#8221;default&#8221; custom_height=&#8221;30&#8243;][vc_column_text css=&#8221;&#8221; text_direction=&#8221;default&#8221;]\n<p style=\"text-align: center;\">El xec regal s&#8217;enviar\u00e0 en format PDF via email al destinatari que hagi triat una vegada finalitzat el proc\u00e9s de compra.<br \/>\nAquest xec t\u00e9 validesa de 6 mesos des de la data d&#8217;emissi\u00f3 i no es podr\u00e0 cancel\u00b7lar ni s&#8217;admeten devolucions.<br \/>\nEl destinatari podr\u00e0 realitzar la seva reserva a trav\u00e9s de la nostra p\u00e0gina web o escrivint a <a href=\"mailto: info@xertarestaurant.com\">info@xertarestaurant.com.<\/a><\/p>\n[\/vc_column_text][\/vc_column][\/vc_row]\n","protected":false},"excerpt":{"rendered":"<p>La nostra passi\u00f3 pel producte de les Terres de l&#8217;Ebre \u00e9s la base principal d&#8217;aquesta proposta gastron\u00f2mica.<br \/>\nEl comensal degustar\u00e0 una selecci\u00f3 d&#8217;aperitius del nostre xef, seguits de sis plats, entre els quals destaquem una selecci\u00f3 de mariscos i peixos i entre els quals tampoc faltar\u00e0 el nostre arr\u00f2s, i unes postres. L&#8217;experi\u00e8ncia finalitzar\u00e0 amb una selecci\u00f3 de petit fours artesanals i servei de caf\u00e8s\/infusions.<br \/>\nAquest men\u00fa es podr\u00e0 degustar en el nostre restaurant de dimarts a dissabtes mitj\u00e0 dies i nits.<\/p>\n<p>[nectar_btn size=&#8221;large&#8221; button_style=&#8221;regular&#8221; url=&#8221;https:\/\/regala.xertarestaurant.com\/wp-content\/uploads\/2026\/01\/Carta-Xerta-ESP-CAT-13-ENE.pdf#page=2&#8243; button_color_2=&#8221;Accent-Color&#8221; icon_family=&#8221;none&#8221; text=&#8221;DESCARREGAR MEN\u00da DE PRODUCTE&#8221;]<\/p>\n","protected":false},"featured_media":3479,"template":"","meta":{"inline_featured_image":false},"product_brand":[],"product_cat":[54],"product_tag":[],"class_list":{"0":"post-965","1":"product","2":"type-product","3":"status-publish","4":"has-post-thumbnail","6":"product_cat-xec-regal","8":"first","9":"instock","10":"shipping-taxable","11":"purchasable","12":"product-type-variable"},"yoast_head":"<!-- This site is optimized with the Yoast SEO plugin v27.4 - https:\/\/yoast.com\/product\/yoast-seo-wordpress\/ -->\n<title>Men\u00fa de producte - Regala Xerta Restaurant<\/title>\n<meta name=\"description\" content=\"Regala un Men\u00fa de producte a Xerta Restaurant, restaurant gastron\u00f2mic guardonat amb una Estrella Michelin entre 2016 i 2024.\" \/>\n<meta name=\"robots\" content=\"index, follow, max-snippet:-1, max-image-preview:large, max-video-preview:-1\" \/>\n<link rel=\"canonical\" href=\"https:\/\/regala.xertarestaurant.com\/ca\/producto\/menu-de-producte\/\" \/>\n<meta property=\"og:locale\" content=\"ca_ES\" \/>\n<meta property=\"og:type\" content=\"article\" \/>\n<meta property=\"og:title\" content=\"Men\u00fa de producte - Regala Xerta Restaurant\" \/>\n<meta property=\"og:description\" content=\"Regala un Men\u00fa de producte a Xerta Restaurant, restaurant gastron\u00f2mic guardonat amb una Estrella Michelin entre 2016 i 2024.\" \/>\n<meta property=\"og:url\" content=\"https:\/\/regala.xertarestaurant.com\/ca\/producto\/menu-de-producte\/\" \/>\n<meta property=\"og:site_name\" content=\"Regala Xerta Restaurant\" \/>\n<meta property=\"article:modified_time\" content=\"2026-02-03T13:00:50+00:00\" \/>\n<meta property=\"og:image\" content=\"https:\/\/regala.xertarestaurant.com\/wp-content\/uploads\/2022\/11\/regala-xerta-restaurant-menu-xerta.jpg\" \/>\n\t<meta property=\"og:image:width\" content=\"1200\" \/>\n\t<meta property=\"og:image:height\" content=\"1500\" \/>\n\t<meta property=\"og:image:type\" content=\"image\/jpeg\" \/>\n<meta name=\"twitter:card\" content=\"summary_large_image\" \/>\n<meta name=\"twitter:label1\" content=\"Temps estimat de lectura\" \/>\n\t<meta name=\"twitter:data1\" content=\"1 minut\" \/>\n<script type=\"application\/ld+json\" class=\"yoast-schema-graph\">{\"@context\":\"https:\\\/\\\/schema.org\",\"@graph\":[{\"@type\":\"WebPage\",\"@id\":\"https:\\\/\\\/regala.xertarestaurant.com\\\/ca\\\/producto\\\/menu-de-producte\\\/\",\"url\":\"https:\\\/\\\/regala.xertarestaurant.com\\\/ca\\\/producto\\\/menu-de-producte\\\/\",\"name\":\"Men\u00fa de producte - Regala Xerta Restaurant\",\"isPartOf\":{\"@id\":\"https:\\\/\\\/regala.xertarestaurant.com\\\/#website\"},\"primaryImageOfPage\":{\"@id\":\"https:\\\/\\\/regala.xertarestaurant.com\\\/ca\\\/producto\\\/menu-de-producte\\\/#primaryimage\"},\"image\":{\"@id\":\"https:\\\/\\\/regala.xertarestaurant.com\\\/ca\\\/producto\\\/menu-de-producte\\\/#primaryimage\"},\"thumbnailUrl\":\"https:\\\/\\\/regala.xertarestaurant.com\\\/wp-content\\\/uploads\\\/2022\\\/11\\\/regala-xerta-restaurant-menu-xerta.jpg\",\"datePublished\":\"2022-11-22T16:37:24+00:00\",\"dateModified\":\"2026-02-03T13:00:50+00:00\",\"description\":\"Regala un Men\u00fa de producte a Xerta Restaurant, restaurant gastron\u00f2mic guardonat amb una Estrella Michelin entre 2016 i 2024.\",\"breadcrumb\":{\"@id\":\"https:\\\/\\\/regala.xertarestaurant.com\\\/ca\\\/producto\\\/menu-de-producte\\\/#breadcrumb\"},\"inLanguage\":\"ca\",\"potentialAction\":[{\"@type\":\"ReadAction\",\"target\":[\"https:\\\/\\\/regala.xertarestaurant.com\\\/ca\\\/producto\\\/menu-de-producte\\\/\"]}]},{\"@type\":\"ImageObject\",\"inLanguage\":\"ca\",\"@id\":\"https:\\\/\\\/regala.xertarestaurant.com\\\/ca\\\/producto\\\/menu-de-producte\\\/#primaryimage\",\"url\":\"https:\\\/\\\/regala.xertarestaurant.com\\\/wp-content\\\/uploads\\\/2022\\\/11\\\/regala-xerta-restaurant-menu-xerta.jpg\",\"contentUrl\":\"https:\\\/\\\/regala.xertarestaurant.com\\\/wp-content\\\/uploads\\\/2022\\\/11\\\/regala-xerta-restaurant-menu-xerta.jpg\",\"width\":1200,\"height\":1500},{\"@type\":\"BreadcrumbList\",\"@id\":\"https:\\\/\\\/regala.xertarestaurant.com\\\/ca\\\/producto\\\/menu-de-producte\\\/#breadcrumb\",\"itemListElement\":[{\"@type\":\"ListItem\",\"position\":1,\"name\":\"Portada\",\"item\":\"https:\\\/\\\/regala.xertarestaurant.com\\\/ca\\\/\"},{\"@type\":\"ListItem\",\"position\":2,\"name\":\"Tienda\",\"item\":\"https:\\\/\\\/regala.xertarestaurant.com\\\/tienda\\\/\"},{\"@type\":\"ListItem\",\"position\":3,\"name\":\"Men\u00fa de producte\"}]},{\"@type\":\"WebSite\",\"@id\":\"https:\\\/\\\/regala.xertarestaurant.com\\\/#website\",\"url\":\"https:\\\/\\\/regala.xertarestaurant.com\\\/\",\"name\":\"Regala Xerta Restaurant\",\"description\":\"Regala gastronom\u00eda con Estrella Michelin y regala ilusi\u00f3n con uno de los cheques regalo de Xerta Restaurant en Barcelona.\",\"publisher\":{\"@id\":\"https:\\\/\\\/regala.xertarestaurant.com\\\/#organization\"},\"potentialAction\":[{\"@type\":\"SearchAction\",\"target\":{\"@type\":\"EntryPoint\",\"urlTemplate\":\"https:\\\/\\\/regala.xertarestaurant.com\\\/?s={search_term_string}\"},\"query-input\":{\"@type\":\"PropertyValueSpecification\",\"valueRequired\":true,\"valueName\":\"search_term_string\"}}],\"inLanguage\":\"ca\"},{\"@type\":\"Organization\",\"@id\":\"https:\\\/\\\/regala.xertarestaurant.com\\\/#organization\",\"name\":\"Regala Xerta Restaurant\",\"url\":\"https:\\\/\\\/regala.xertarestaurant.com\\\/\",\"logo\":{\"@type\":\"ImageObject\",\"inLanguage\":\"ca\",\"@id\":\"https:\\\/\\\/regala.xertarestaurant.com\\\/#\\\/schema\\\/logo\\\/image\\\/\",\"url\":\"https:\\\/\\\/regala.xertarestaurant.com\\\/wp-content\\\/uploads\\\/2022\\\/11\\\/cropped-xerta-restaurant-logo-restaurante-barcelona.jpg\",\"contentUrl\":\"https:\\\/\\\/regala.xertarestaurant.com\\\/wp-content\\\/uploads\\\/2022\\\/11\\\/cropped-xerta-restaurant-logo-restaurante-barcelona.jpg\",\"width\":512,\"height\":512,\"caption\":\"Regala Xerta Restaurant\"},\"image\":{\"@id\":\"https:\\\/\\\/regala.xertarestaurant.com\\\/#\\\/schema\\\/logo\\\/image\\\/\"}}]}<\/script>\n<!-- \/ Yoast SEO plugin. -->","yoast_head_json":{"title":"Men\u00fa de producte - Regala Xerta Restaurant","description":"Regala un Men\u00fa de producte a Xerta Restaurant, restaurant gastron\u00f2mic guardonat amb una Estrella Michelin entre 2016 i 2024.","robots":{"index":"index","follow":"follow","max-snippet":"max-snippet:-1","max-image-preview":"max-image-preview:large","max-video-preview":"max-video-preview:-1"},"canonical":"https:\/\/regala.xertarestaurant.com\/ca\/producto\/menu-de-producte\/","og_locale":"ca_ES","og_type":"article","og_title":"Men\u00fa de producte - Regala Xerta Restaurant","og_description":"Regala un Men\u00fa de producte a Xerta Restaurant, restaurant gastron\u00f2mic guardonat amb una Estrella Michelin entre 2016 i 2024.","og_url":"https:\/\/regala.xertarestaurant.com\/ca\/producto\/menu-de-producte\/","og_site_name":"Regala Xerta Restaurant","article_modified_time":"2026-02-03T13:00:50+00:00","og_image":[{"width":1200,"height":1500,"url":"https:\/\/regala.xertarestaurant.com\/wp-content\/uploads\/2022\/11\/regala-xerta-restaurant-menu-xerta.jpg","type":"image\/jpeg"}],"twitter_card":"summary_large_image","twitter_misc":{"Temps estimat de lectura":"1 minut"},"schema":{"@context":"https:\/\/schema.org","@graph":[{"@type":"WebPage","@id":"https:\/\/regala.xertarestaurant.com\/ca\/producto\/menu-de-producte\/","url":"https:\/\/regala.xertarestaurant.com\/ca\/producto\/menu-de-producte\/","name":"Men\u00fa de producte - Regala Xerta Restaurant","isPartOf":{"@id":"https:\/\/regala.xertarestaurant.com\/#website"},"primaryImageOfPage":{"@id":"https:\/\/regala.xertarestaurant.com\/ca\/producto\/menu-de-producte\/#primaryimage"},"image":{"@id":"https:\/\/regala.xertarestaurant.com\/ca\/producto\/menu-de-producte\/#primaryimage"},"thumbnailUrl":"https:\/\/regala.xertarestaurant.com\/wp-content\/uploads\/2022\/11\/regala-xerta-restaurant-menu-xerta.jpg","datePublished":"2022-11-22T16:37:24+00:00","dateModified":"2026-02-03T13:00:50+00:00","description":"Regala un Men\u00fa de producte a Xerta Restaurant, restaurant gastron\u00f2mic guardonat amb una Estrella Michelin entre 2016 i 2024.","breadcrumb":{"@id":"https:\/\/regala.xertarestaurant.com\/ca\/producto\/menu-de-producte\/#breadcrumb"},"inLanguage":"ca","potentialAction":[{"@type":"ReadAction","target":["https:\/\/regala.xertarestaurant.com\/ca\/producto\/menu-de-producte\/"]}]},{"@type":"ImageObject","inLanguage":"ca","@id":"https:\/\/regala.xertarestaurant.com\/ca\/producto\/menu-de-producte\/#primaryimage","url":"https:\/\/regala.xertarestaurant.com\/wp-content\/uploads\/2022\/11\/regala-xerta-restaurant-menu-xerta.jpg","contentUrl":"https:\/\/regala.xertarestaurant.com\/wp-content\/uploads\/2022\/11\/regala-xerta-restaurant-menu-xerta.jpg","width":1200,"height":1500},{"@type":"BreadcrumbList","@id":"https:\/\/regala.xertarestaurant.com\/ca\/producto\/menu-de-producte\/#breadcrumb","itemListElement":[{"@type":"ListItem","position":1,"name":"Portada","item":"https:\/\/regala.xertarestaurant.com\/ca\/"},{"@type":"ListItem","position":2,"name":"Tienda","item":"https:\/\/regala.xertarestaurant.com\/tienda\/"},{"@type":"ListItem","position":3,"name":"Men\u00fa de producte"}]},{"@type":"WebSite","@id":"https:\/\/regala.xertarestaurant.com\/#website","url":"https:\/\/regala.xertarestaurant.com\/","name":"Regala Xerta Restaurant","description":"Regala gastronom\u00eda con Estrella Michelin y regala ilusi\u00f3n con uno de los cheques regalo de Xerta Restaurant en Barcelona.","publisher":{"@id":"https:\/\/regala.xertarestaurant.com\/#organization"},"potentialAction":[{"@type":"SearchAction","target":{"@type":"EntryPoint","urlTemplate":"https:\/\/regala.xertarestaurant.com\/?s={search_term_string}"},"query-input":{"@type":"PropertyValueSpecification","valueRequired":true,"valueName":"search_term_string"}}],"inLanguage":"ca"},{"@type":"Organization","@id":"https:\/\/regala.xertarestaurant.com\/#organization","name":"Regala Xerta Restaurant","url":"https:\/\/regala.xertarestaurant.com\/","logo":{"@type":"ImageObject","inLanguage":"ca","@id":"https:\/\/regala.xertarestaurant.com\/#\/schema\/logo\/image\/","url":"https:\/\/regala.xertarestaurant.com\/wp-content\/uploads\/2022\/11\/cropped-xerta-restaurant-logo-restaurante-barcelona.jpg","contentUrl":"https:\/\/regala.xertarestaurant.com\/wp-content\/uploads\/2022\/11\/cropped-xerta-restaurant-logo-restaurante-barcelona.jpg","width":512,"height":512,"caption":"Regala Xerta Restaurant"},"image":{"@id":"https:\/\/regala.xertarestaurant.com\/#\/schema\/logo\/image\/"}}]}},"_links":{"self":[{"href":"https:\/\/regala.xertarestaurant.com\/ca\/wp-json\/wp\/v2\/product\/965","targetHints":{"allow":["GET"]}}],"collection":[{"href":"https:\/\/regala.xertarestaurant.com\/ca\/wp-json\/wp\/v2\/product"}],"about":[{"href":"https:\/\/regala.xertarestaurant.com\/ca\/wp-json\/wp\/v2\/types\/product"}],"wp:featuredmedia":[{"embeddable":true,"href":"https:\/\/regala.xertarestaurant.com\/ca\/wp-json\/wp\/v2\/media\/3479"}],"wp:attachment":[{"href":"https:\/\/regala.xertarestaurant.com\/ca\/wp-json\/wp\/v2\/media?parent=965"}],"wp:term":[{"taxonomy":"product_brand","embeddable":true,"href":"https:\/\/regala.xertarestaurant.com\/ca\/wp-json\/wp\/v2\/product_brand?post=965"},{"taxonomy":"product_cat","embeddable":true,"href":"https:\/\/regala.xertarestaurant.com\/ca\/wp-json\/wp\/v2\/product_cat?post=965"},{"taxonomy":"product_tag","embeddable":true,"href":"https:\/\/regala.xertarestaurant.com\/ca\/wp-json\/wp\/v2\/product_tag?post=965"}],"curies":[{"name":"wp","href":"https:\/\/api.w.org\/{rel}","templated":true}]}}