{"id":4364,"date":"2024-11-15T12:38:13","date_gmt":"2024-11-15T11:38:13","guid":{"rendered":"https:\/\/regala.xertarestaurant.com\/gracias-por-su-compra\/"},"modified":"2024-11-15T13:24:12","modified_gmt":"2024-11-15T12:24:12","slug":"gracies-per-la-seva-compra","status":"publish","type":"page","link":"https:\/\/regala.xertarestaurant.com\/ca\/gracies-per-la-seva-compra\/","title":{"rendered":"Gr\u00e0cies per la seva compra"},"content":{"rendered":"[vc_row type=&#8221;in_container&#8221; full_screen_row_position=&#8221;middle&#8221; column_margin=&#8221;default&#8221; column_direction=&#8221;default&#8221; column_direction_tablet=&#8221;default&#8221; column_direction_phone=&#8221;default&#8221; scene_position=&#8221;center&#8221; text_color=&#8221;dark&#8221; text_align=&#8221;left&#8221; row_border_radius=&#8221;none&#8221; row_border_radius_applies=&#8221;bg&#8221; overflow=&#8221;visible&#8221; overlay_strength=&#8221;0.3&#8243; gradient_direction=&#8221;left_to_right&#8221; shape_divider_position=&#8221;bottom&#8221; bg_image_animation=&#8221;none&#8221;][vc_column column_padding=&#8221;no-extra-padding&#8221; column_padding_tablet=&#8221;inherit&#8221; column_padding_phone=&#8221;inherit&#8221; column_padding_position=&#8221;all&#8221; column_element_direction_desktop=&#8221;default&#8221; column_element_spacing=&#8221;default&#8221; desktop_text_alignment=&#8221;default&#8221; tablet_text_alignment=&#8221;default&#8221; phone_text_alignment=&#8221;default&#8221; background_color_opacity=&#8221;1&#8243; background_hover_color_opacity=&#8221;1&#8243; column_backdrop_filter=&#8221;none&#8221; column_shadow=&#8221;none&#8221; column_border_radius=&#8221;none&#8221; column_link_target=&#8221;_self&#8221; column_position=&#8221;default&#8221; gradient_direction=&#8221;left_to_right&#8221; overlay_strength=&#8221;0.3&#8243; width=&#8221;1\/1&#8243; tablet_width_inherit=&#8221;default&#8221; animation_type=&#8221;default&#8221; bg_image_animation=&#8221;none&#8221; border_type=&#8221;simple&#8221; column_border_width=&#8221;none&#8221; column_border_style=&#8221;solid&#8221; column_padding_type=&#8221;default&#8221; gradient_type=&#8221;default&#8221;][image_with_animation image_url=&#8221;499&#8243; image_size=&#8221;full&#8221; animation_type=&#8221;entrance&#8221; animation=&#8221;None&#8221; animation_movement_type=&#8221;transform_y&#8221; hover_animation=&#8221;none&#8221; alignment=&#8221;&#8221; border_radius=&#8221;none&#8221; box_shadow=&#8221;none&#8221; image_loading=&#8221;default&#8221; max_width=&#8221;100%&#8221; max_width_mobile=&#8221;default&#8221;][vc_column_text text_direction=&#8221;default&#8221;]\n<h2 style=\"text-align: center;\">Gr\u00e0cies per la seva compra!<\/h2>\n[\/vc_column_text][vc_column_text text_direction=&#8221;default&#8221;]\n\n[\/vc_column_text][divider line_type=&#8221;Full Width Line&#8221; line_thickness=&#8221;1&#8243; divider_color=&#8221;accent-color&#8221; custom_height=&#8221;20&#8243;][vc_row_inner equal_height=&#8221;yes&#8221; column_margin=&#8221;default&#8221; column_direction=&#8221;default&#8221; column_direction_tablet=&#8221;default&#8221; column_direction_phone=&#8221;default&#8221; text_align=&#8221;left&#8221; row_position=&#8221;default&#8221; row_position_tablet=&#8221;inherit&#8221; row_position_phone=&#8221;inherit&#8221; overflow=&#8221;visible&#8221; pointer_events=&#8221;all&#8221; css=&#8221;.vc_custom_1731673093818{margin-top: 3% !important;}&#8221;][vc_column_inner column_padding=&#8221;padding-2-percent&#8221; column_padding_tablet=&#8221;inherit&#8221; column_padding_phone=&#8221;inherit&#8221; column_padding_position=&#8221;all&#8221; column_element_direction_desktop=&#8221;default&#8221; column_element_spacing=&#8221;default&#8221; desktop_text_alignment=&#8221;default&#8221; tablet_text_alignment=&#8221;default&#8221; phone_text_alignment=&#8221;default&#8221; background_color_opacity=&#8221;1&#8243; background_hover_color_opacity=&#8221;1&#8243; column_backdrop_filter=&#8221;none&#8221; column_shadow=&#8221;medium_depth&#8221; column_border_radius=&#8221;none&#8221; column_link_target=&#8221;_self&#8221; overflow=&#8221;visible&#8221; gradient_direction=&#8221;left_to_right&#8221; overlay_strength=&#8221;0.3&#8243; width=&#8221;1\/2&#8243; tablet_width_inherit=&#8221;default&#8221; animation_type=&#8221;default&#8221; bg_image_animation=&#8221;none&#8221; border_type=&#8221;simple&#8221; column_border_width=&#8221;none&#8221; column_border_style=&#8221;solid&#8221; column_padding_type=&#8221;default&#8221; gradient_type=&#8221;default&#8221;][vc_column_text text_direction=&#8221;default&#8221;]\n\n[\/vc_column_text][\/vc_column_inner][vc_column_inner column_padding=&#8221;padding-2-percent&#8221; column_padding_tablet=&#8221;inherit&#8221; column_padding_phone=&#8221;inherit&#8221; column_padding_position=&#8221;all&#8221; column_element_direction_desktop=&#8221;default&#8221; column_element_spacing=&#8221;default&#8221; desktop_text_alignment=&#8221;default&#8221; tablet_text_alignment=&#8221;default&#8221; phone_text_alignment=&#8221;default&#8221; background_color_opacity=&#8221;1&#8243; background_hover_color_opacity=&#8221;1&#8243; column_backdrop_filter=&#8221;none&#8221; column_shadow=&#8221;medium_depth&#8221; column_border_radius=&#8221;none&#8221; column_link_target=&#8221;_self&#8221; overflow=&#8221;visible&#8221; gradient_direction=&#8221;left_to_right&#8221; overlay_strength=&#8221;0.3&#8243; width=&#8221;1\/2&#8243; tablet_width_inherit=&#8221;default&#8221; animation_type=&#8221;default&#8221; bg_image_animation=&#8221;none&#8221; border_type=&#8221;simple&#8221; column_border_width=&#8221;none&#8221; column_border_style=&#8221;solid&#8221; column_padding_type=&#8221;default&#8221; gradient_type=&#8221;default&#8221;][vc_column_text text_direction=&#8221;default&#8221;]\n\n[\/vc_column_text][\/vc_column_inner][\/vc_row_inner][divider line_type=&#8221;Full Width Line&#8221; line_thickness=&#8221;1&#8243; divider_color=&#8221;accent-color&#8221; custom_height=&#8221;20&#8243;][vc_column_text text_direction=&#8221;default&#8221; css=&#8221;.vc_custom_1731673412968{margin-top: 3% !important;}&#8221;]<strong>CONDICIONS PER A RESERVAR<\/strong><\/p>\n<p>Reserva telef\u00f2nica telefonant al 937.379.080. Asseguri&#8217;s de tenir el xec regal a m\u00e0, ja que necessitar\u00e0 indicar el n\u00famero d&#8217;aquest.<\/p>\n<p>Reserva a trav\u00e9s de la p\u00e0gina web www.xertarestaurant.com, seleccionant el men\u00fa amb el qual li han homenatjat i incloent la seva numeraci\u00f3 en l&#8217;apartat d&#8217;informaci\u00f3 opcional.<\/p>\n<p>A l&#8217;hora de fer la seva reserva, si us plau, tingui en compte la disponibilitat de cada men\u00fa:<\/p>\n<ul>\n<li>Men\u00fa Delta: disponible de dimarts a dijous mig dia i nit i divendres mig dia. Divendres nit, dissabtes i festius no disponible.<\/li>\n<li>Men\u00fa Xerta: disponible de dimarts a dissabte mig dia i nit.<\/li>\n<li>Men\u00fa Experi\u00e8ncia Degustaci\u00f3: disponible de dimarts a dissabte mig dia i nit. Aquest men\u00fa es pot reservar fins a les 14.30 h i les 21.30 h.<\/li>\n<\/ul>\n<p><strong>DIA DE LA RESERVA<\/strong><\/p>\n<p>\u00c9s imprescindible presentar el xec regal el dia de la reserva en el restaurant, ja sigui en format f\u00edsic o digital.<\/p>\n<p>Els esperem.[\/vc_column_text][\/vc_column][\/vc_row]\n","protected":false},"excerpt":{"rendered":"<p>[vc_row type=&#8221;in_container&#8221; full_screen_row_position=&#8221;middle&#8221; column_margin=&#8221;default&#8221; column_direction=&#8221;default&#8221; column_direction_tablet=&#8221;default&#8221; column_direction_phone=&#8221;default&#8221; scene_position=&#8221;center&#8221; text_color=&#8221;dark&#8221; text_align=&#8221;left&#8221; row_border_radius=&#8221;none&#8221; row_border_radius_applies=&#8221;bg&#8221; overflow=&#8221;visible&#8221; overlay_strength=&#8221;0.3&#8243; gradient_direction=&#8221;left_to_right&#8221; shape_divider_position=&#8221;bottom&#8221; bg_image_animation=&#8221;none&#8221;][vc_column column_padding=&#8221;no-extra-padding&#8221; column_padding_tablet=&#8221;inherit&#8221; column_padding_phone=&#8221;inherit&#8221; column_padding_position=&#8221;all&#8221; column_element_direction_desktop=&#8221;default&#8221; column_element_spacing=&#8221;default&#8221; desktop_text_alignment=&#8221;default&#8221; tablet_text_alignment=&#8221;default&#8221; phone_text_alignment=&#8221;default&#8221; background_color_opacity=&#8221;1&#8243; background_hover_color_opacity=&#8221;1&#8243; column_backdrop_filter=&#8221;none&#8221; column_shadow=&#8221;none&#8221;&#8230;<\/p>\n","protected":false},"author":1,"featured_media":0,"parent":0,"menu_order":0,"comment_status":"closed","ping_status":"closed","template":"","meta":{"inline_featured_image":false,"footnotes":""},"class_list":["post-4364","page","type-page","status-publish"],"yoast_head":"<!-- This site is optimized with the Yoast SEO plugin v27.4 - https:\/\/yoast.com\/product\/yoast-seo-wordpress\/ -->\n<title>Gr\u00e0cies per la seva compra - Regala Xerta Restaurant<\/title>\n<meta name=\"robots\" content=\"index, follow, max-snippet:-1, max-image-preview:large, max-video-preview:-1\" \/>\n<link rel=\"canonical\" href=\"https:\/\/regala.xertarestaurant.com\/gracias-por-su-compra\/\" \/>\n<meta property=\"og:locale\" content=\"ca_ES\" \/>\n<meta property=\"og:type\" content=\"article\" \/>\n<meta property=\"og:title\" content=\"Gr\u00e0cies per la seva compra - Regala Xerta Restaurant\" \/>\n<meta property=\"og:description\" content=\"[vc_row type=&#8221;in_container&#8221; full_screen_row_position=&#8221;middle&#8221; column_margin=&#8221;default&#8221; column_direction=&#8221;default&#8221; column_direction_tablet=&#8221;default&#8221; column_direction_phone=&#8221;default&#8221; scene_position=&#8221;center&#8221; text_color=&#8221;dark&#8221; text_align=&#8221;left&#8221; row_border_radius=&#8221;none&#8221; row_border_radius_applies=&#8221;bg&#8221; overflow=&#8221;visible&#8221; overlay_strength=&#8221;0.3&#8243; gradient_direction=&#8221;left_to_right&#8221; shape_divider_position=&#8221;bottom&#8221; bg_image_animation=&#8221;none&#8221;][vc_column column_padding=&#8221;no-extra-padding&#8221; column_padding_tablet=&#8221;inherit&#8221; column_padding_phone=&#8221;inherit&#8221; column_padding_position=&#8221;all&#8221; column_element_direction_desktop=&#8221;default&#8221; column_element_spacing=&#8221;default&#8221; desktop_text_alignment=&#8221;default&#8221; tablet_text_alignment=&#8221;default&#8221; phone_text_alignment=&#8221;default&#8221; background_color_opacity=&#8221;1&#8243; background_hover_color_opacity=&#8221;1&#8243; column_backdrop_filter=&#8221;none&#8221; column_shadow=&#8221;none&#8221;...\" \/>\n<meta property=\"og:url\" content=\"https:\/\/regala.xertarestaurant.com\/gracias-por-su-compra\/\" \/>\n<meta property=\"og:site_name\" content=\"Regala Xerta Restaurant\" \/>\n<meta property=\"article:modified_time\" content=\"2024-11-15T12:24:12+00:00\" \/>\n<meta name=\"twitter:card\" content=\"summary_large_image\" \/>\n<meta name=\"twitter:label1\" content=\"Temps estimat de lectura\" \/>\n\t<meta name=\"twitter:data1\" content=\"2 minuts\" \/>\n<script type=\"application\/ld+json\" class=\"yoast-schema-graph\">{\"@context\":\"https:\\\/\\\/schema.org\",\"@graph\":[{\"@type\":\"WebPage\",\"@id\":\"https:\\\/\\\/regala.xertarestaurant.com\\\/gracias-por-su-compra\\\/\",\"url\":\"https:\\\/\\\/regala.xertarestaurant.com\\\/gracias-por-su-compra\\\/\",\"name\":\"Gr\u00e0cies per la seva compra - Regala Xerta Restaurant\",\"isPartOf\":{\"@id\":\"https:\\\/\\\/regala.xertarestaurant.com\\\/#website\"},\"datePublished\":\"2024-11-15T11:38:13+00:00\",\"dateModified\":\"2024-11-15T12:24:12+00:00\",\"breadcrumb\":{\"@id\":\"https:\\\/\\\/regala.xertarestaurant.com\\\/gracias-por-su-compra\\\/#breadcrumb\"},\"inLanguage\":\"ca\",\"potentialAction\":[{\"@type\":\"ReadAction\",\"target\":[\"https:\\\/\\\/regala.xertarestaurant.com\\\/gracias-por-su-compra\\\/\"]}]},{\"@type\":\"BreadcrumbList\",\"@id\":\"https:\\\/\\\/regala.xertarestaurant.com\\\/gracias-por-su-compra\\\/#breadcrumb\",\"itemListElement\":[{\"@type\":\"ListItem\",\"position\":1,\"name\":\"Portada\",\"item\":\"https:\\\/\\\/regala.xertarestaurant.com\\\/ca\\\/\"},{\"@type\":\"ListItem\",\"position\":2,\"name\":\"Gr\u00e0cies per la seva compra\"}]},{\"@type\":\"WebSite\",\"@id\":\"https:\\\/\\\/regala.xertarestaurant.com\\\/#website\",\"url\":\"https:\\\/\\\/regala.xertarestaurant.com\\\/\",\"name\":\"Regala Xerta Restaurant\",\"description\":\"Regala gastronom\u00eda con Estrella Michelin y regala ilusi\u00f3n con uno de los cheques regalo de Xerta Restaurant en Barcelona.\",\"publisher\":{\"@id\":\"https:\\\/\\\/regala.xertarestaurant.com\\\/#organization\"},\"potentialAction\":[{\"@type\":\"SearchAction\",\"target\":{\"@type\":\"EntryPoint\",\"urlTemplate\":\"https:\\\/\\\/regala.xertarestaurant.com\\\/?s={search_term_string}\"},\"query-input\":{\"@type\":\"PropertyValueSpecification\",\"valueRequired\":true,\"valueName\":\"search_term_string\"}}],\"inLanguage\":\"ca\"},{\"@type\":\"Organization\",\"@id\":\"https:\\\/\\\/regala.xertarestaurant.com\\\/#organization\",\"name\":\"Regala Xerta Restaurant\",\"url\":\"https:\\\/\\\/regala.xertarestaurant.com\\\/\",\"logo\":{\"@type\":\"ImageObject\",\"inLanguage\":\"ca\",\"@id\":\"https:\\\/\\\/regala.xertarestaurant.com\\\/#\\\/schema\\\/logo\\\/image\\\/\",\"url\":\"https:\\\/\\\/regala.xertarestaurant.com\\\/wp-content\\\/uploads\\\/2022\\\/11\\\/cropped-xerta-restaurant-logo-restaurante-barcelona.jpg\",\"contentUrl\":\"https:\\\/\\\/regala.xertarestaurant.com\\\/wp-content\\\/uploads\\\/2022\\\/11\\\/cropped-xerta-restaurant-logo-restaurante-barcelona.jpg\",\"width\":512,\"height\":512,\"caption\":\"Regala Xerta Restaurant\"},\"image\":{\"@id\":\"https:\\\/\\\/regala.xertarestaurant.com\\\/#\\\/schema\\\/logo\\\/image\\\/\"}}]}<\/script>\n<!-- \/ Yoast SEO plugin. -->","yoast_head_json":{"title":"Gr\u00e0cies per la seva compra - Regala Xerta Restaurant","robots":{"index":"index","follow":"follow","max-snippet":"max-snippet:-1","max-image-preview":"max-image-preview:large","max-video-preview":"max-video-preview:-1"},"canonical":"https:\/\/regala.xertarestaurant.com\/gracias-por-su-compra\/","og_locale":"ca_ES","og_type":"article","og_title":"Gr\u00e0cies per la seva compra - Regala Xerta Restaurant","og_description":"[vc_row type=&#8221;in_container&#8221; full_screen_row_position=&#8221;middle&#8221; column_margin=&#8221;default&#8221; column_direction=&#8221;default&#8221; column_direction_tablet=&#8221;default&#8221; column_direction_phone=&#8221;default&#8221; scene_position=&#8221;center&#8221; text_color=&#8221;dark&#8221; text_align=&#8221;left&#8221; row_border_radius=&#8221;none&#8221; row_border_radius_applies=&#8221;bg&#8221; overflow=&#8221;visible&#8221; overlay_strength=&#8221;0.3&#8243; gradient_direction=&#8221;left_to_right&#8221; shape_divider_position=&#8221;bottom&#8221; bg_image_animation=&#8221;none&#8221;][vc_column column_padding=&#8221;no-extra-padding&#8221; column_padding_tablet=&#8221;inherit&#8221; column_padding_phone=&#8221;inherit&#8221; column_padding_position=&#8221;all&#8221; column_element_direction_desktop=&#8221;default&#8221; column_element_spacing=&#8221;default&#8221; desktop_text_alignment=&#8221;default&#8221; tablet_text_alignment=&#8221;default&#8221; phone_text_alignment=&#8221;default&#8221; background_color_opacity=&#8221;1&#8243; background_hover_color_opacity=&#8221;1&#8243; column_backdrop_filter=&#8221;none&#8221; column_shadow=&#8221;none&#8221;...","og_url":"https:\/\/regala.xertarestaurant.com\/gracias-por-su-compra\/","og_site_name":"Regala Xerta Restaurant","article_modified_time":"2024-11-15T12:24:12+00:00","twitter_card":"summary_large_image","twitter_misc":{"Temps estimat de lectura":"2 minuts"},"schema":{"@context":"https:\/\/schema.org","@graph":[{"@type":"WebPage","@id":"https:\/\/regala.xertarestaurant.com\/gracias-por-su-compra\/","url":"https:\/\/regala.xertarestaurant.com\/gracias-por-su-compra\/","name":"Gr\u00e0cies per la seva compra - Regala Xerta Restaurant","isPartOf":{"@id":"https:\/\/regala.xertarestaurant.com\/#website"},"datePublished":"2024-11-15T11:38:13+00:00","dateModified":"2024-11-15T12:24:12+00:00","breadcrumb":{"@id":"https:\/\/regala.xertarestaurant.com\/gracias-por-su-compra\/#breadcrumb"},"inLanguage":"ca","potentialAction":[{"@type":"ReadAction","target":["https:\/\/regala.xertarestaurant.com\/gracias-por-su-compra\/"]}]},{"@type":"BreadcrumbList","@id":"https:\/\/regala.xertarestaurant.com\/gracias-por-su-compra\/#breadcrumb","itemListElement":[{"@type":"ListItem","position":1,"name":"Portada","item":"https:\/\/regala.xertarestaurant.com\/ca\/"},{"@type":"ListItem","position":2,"name":"Gr\u00e0cies per la seva compra"}]},{"@type":"WebSite","@id":"https:\/\/regala.xertarestaurant.com\/#website","url":"https:\/\/regala.xertarestaurant.com\/","name":"Regala Xerta Restaurant","description":"Regala gastronom\u00eda con Estrella Michelin y regala ilusi\u00f3n con uno de los cheques regalo de Xerta Restaurant en Barcelona.","publisher":{"@id":"https:\/\/regala.xertarestaurant.com\/#organization"},"potentialAction":[{"@type":"SearchAction","target":{"@type":"EntryPoint","urlTemplate":"https:\/\/regala.xertarestaurant.com\/?s={search_term_string}"},"query-input":{"@type":"PropertyValueSpecification","valueRequired":true,"valueName":"search_term_string"}}],"inLanguage":"ca"},{"@type":"Organization","@id":"https:\/\/regala.xertarestaurant.com\/#organization","name":"Regala Xerta Restaurant","url":"https:\/\/regala.xertarestaurant.com\/","logo":{"@type":"ImageObject","inLanguage":"ca","@id":"https:\/\/regala.xertarestaurant.com\/#\/schema\/logo\/image\/","url":"https:\/\/regala.xertarestaurant.com\/wp-content\/uploads\/2022\/11\/cropped-xerta-restaurant-logo-restaurante-barcelona.jpg","contentUrl":"https:\/\/regala.xertarestaurant.com\/wp-content\/uploads\/2022\/11\/cropped-xerta-restaurant-logo-restaurante-barcelona.jpg","width":512,"height":512,"caption":"Regala Xerta Restaurant"},"image":{"@id":"https:\/\/regala.xertarestaurant.com\/#\/schema\/logo\/image\/"}}]}},"_links":{"self":[{"href":"https:\/\/regala.xertarestaurant.com\/ca\/wp-json\/wp\/v2\/pages\/4364","targetHints":{"allow":["GET"]}}],"collection":[{"href":"https:\/\/regala.xertarestaurant.com\/ca\/wp-json\/wp\/v2\/pages"}],"about":[{"href":"https:\/\/regala.xertarestaurant.com\/ca\/wp-json\/wp\/v2\/types\/page"}],"author":[{"embeddable":true,"href":"https:\/\/regala.xertarestaurant.com\/ca\/wp-json\/wp\/v2\/users\/1"}],"replies":[{"embeddable":true,"href":"https:\/\/regala.xertarestaurant.com\/ca\/wp-json\/wp\/v2\/comments?post=4364"}],"version-history":[{"count":0,"href":"https:\/\/regala.xertarestaurant.com\/ca\/wp-json\/wp\/v2\/pages\/4364\/revisions"}],"wp:attachment":[{"href":"https:\/\/regala.xertarestaurant.com\/ca\/wp-json\/wp\/v2\/media?parent=4364"}],"curies":[{"name":"wp","href":"https:\/\/api.w.org\/{rel}","templated":true}]}}